{"id":35,"date":"2024-04-03T16:55:15","date_gmt":"2024-04-03T21:55:15","guid":{"rendered":"https:\/\/promoswow.com\/ec\/?page_id=35"},"modified":"2024-04-03T16:55:15","modified_gmt":"2024-04-03T21:55:15","slug":"politica-de-cookies","status":"publish","type":"page","link":"https:\/\/promoswow.com\/ec\/politica-de-cookies\/","title":{"rendered":"Pol\u00edticas de Cookies"},"content":{"rendered":"\n<p> En esta web se utilizan cookies de terceros y propias para conseguir que tengas una mejor experiencia de navegaci\u00f3n, puedas  compartir contenido en redes sociales y para que podamos obtener  estad\u00edsticas de los usuarios.<\/p>\n\n\n\n<p><br> Puedes evitar la descarga de cookies a trav\u00e9s de la configuraci\u00f3n de tu  navegador, evitando que las cookies se almacenen en su dispositivo.<br><br> Como propietario de este  sitio web, te comunico que no utilizamos  ninguna informaci\u00f3n personal procedente de cookies, tan s\u00f3lo realizamos  estad\u00edsticas generales de visitas que no suponen ninguna informaci\u00f3n  personal.<br><br> Es muy importante que leas la presente pol\u00edtica de cookies y comprendas  que, si contin\u00faas navegando, consideraremos que aceptas su uso.<br><br> Seg\u00fan los t\u00e9rminos incluidos en el art\u00edculo 22.2 de la Ley 34\/2002 de  Servicios de la Sociedad de la Informaci\u00f3n y Comercio Electr\u00f3nico, si  contin\u00faas navegando, estar\u00e1s prestando tu consentimiento para el empleo  de los referidos mecanismos.<\/p>\n\n\n\n<h3 class=\"wp-block-heading\">Entidad Responsable<\/h3>\n\n\n\n<p>La entidad responsable de la recogida,  procesamiento y utilizaci\u00f3n de tus datos personales, en el sentido  establecido por la Ley de Protecci\u00f3n de Datos Personales es la p\u00e1gina  promoswow.com, propiedad de iSorteo \u2013 Latino Am\u00e9rica.<\/p>\n\n\n\n<h3 class=\"wp-block-heading\">\u00bfQu\u00e9 son las cookies?<\/h3>\n\n\n\n<p>Las cookies son un conjunto de datos que un servidor \ndeposita en el navegador del usuario para recoger la informaci\u00f3n de \nregistro est\u00e1ndar de Internet y la informaci\u00f3n del comportamiento de los\n visitantes en un sitio web. Es decir, se trata de peque\u00f1os archivos de \ntexto que quedan almacenados en el disco duro del ordenador y que sirven\n para identificar al usuario cuando se conecta nuevamente al sitio web. \nSu objetivo es registrar la visita del usuario y guardar cierta \ninformaci\u00f3n. Su uso es com\u00fan y frecuente en la web ya que permite a las \np\u00e1ginas funcionar de manera m\u00e1s eficiente y conseguir una mayor \npersonalizaci\u00f3n y an\u00e1lisis sobre el comportamiento del usuario.<\/p>\n\n\n\n<h3 class=\"wp-block-heading\">\u00bfQu\u00e9 tipos de cookies existen?<\/h3>\n\n\n\n<p>Las cookies utilizadas en nuestro sitio web, son de  sesi\u00f3n y de terceros, y nos permiten almacenar y acceder a informaci\u00f3n  relativa al idioma, el tipo de navegador utilizado, y otras  caracter\u00edsticas generales predefinidas por el usuario, as\u00ed como, seguir y  analizar la actividad que lleva a cabo, con el objeto de introducir  mejoras y prestar nuestros servicios de una manera m\u00e1s eficiente y  personalizada. <\/p>\n\n\n\n<p>Las cookies, en funci\u00f3n de su  permanencia, pueden dividirse en cookies de sesi\u00f3n o permanentes. Las  que expiran cuando el usuario cierra el navegador. Las que expiran en  funci\u00f3n de cuando se cumpla el objetivo para el que sirven (por ejemplo,  para que el usuario se mantenga identificado en los servicios de               iSorteo) o bien cuando se borran manualmente.<\/p>\n\n\n\n<figure class=\"wp-block-table\"><table><tbody><tr><td>Nombre<\/td><td>Tipo<\/td><td>Caducidad<\/td><td>Finalidad<\/td><td>Clase<\/td><\/tr><tr><td>__utma<\/td><td>De Terceros (Google Analytics)<\/td><td>2 a\u00f1os<\/td><td>Se usa para distinguir usuarios y sesiones.<\/td><td>No Exenta<\/td><\/tr><tr><td>__utmb<\/td><td>De Terceros (Google Analytics)<\/td><td>30 minutos<\/td><td>Se usa para determinar nuevas sesiones o visitas<\/td><td>No Exenta<\/td><\/tr><tr><td>__utmc<\/td><td>De Terceros (Google Analytics)<\/td><td>Al finalizar la sesi\u00f3n<\/td><td>Se configura para su uso con Urchin<\/td><td>No Exenta<\/td><\/tr><tr><td>__utmz<\/td><td>De Terceros (Google Analytics)<\/td><td>6 meses<\/td><td>Almacena el origen o la campa\u00f1a que explica c\u00f3mo el usuario ha llegado hasta la p\u00e1gina web<\/td><td>No Exenta<\/td><\/tr><\/tbody><\/table><\/figure>\n\n\n\n<p>Adicionalmente, en funci\u00f3n de su objetivo, las cookies pueden clasificarse de la siguiente forma:<\/p>\n\n\n\n<h3 class=\"wp-block-heading\">Cookies de rendimiento<\/h3>\n\n\n\n<p>Este tipo de Cookie recuerda sus preferencias para las \nherramientas que se encuentran en los servicios, por lo que no tiene que\n volver a configurar el servicio cada vez que usted visita. A modo de \nejemplo, en esta tipolog\u00eda se incluyen: Ajustes de volumen de \nreproductores de v\u00eddeo o sonido. Las velocidades de transmisi\u00f3n de v\u00eddeo\n que sean compatibles con su navegador. Los objetos guardados en el \n\u201ccarrito de la compra\u201d en los servicios de e-commerce tales como \ntiendas.<\/p>\n\n\n\n<h3 class=\"wp-block-heading\">Cookies de geo-localizaci\u00f3n<\/h3>\n\n\n\n<p>Estas cookies son utilizadas para averiguar en qu\u00e9 pa\u00eds \nse encuentra cuando se solicita un servicio. Esta cookie es totalmente \nan\u00f3nima, y s\u00f3lo se utiliza para ayudar a orientar el contenido a su \nubicaci\u00f3n.<\/p>\n\n\n\n<h3 class=\"wp-block-heading\">Cookies de registro<\/h3>\n\n\n\n<p>Las cookies de registro se generan una vez que el usuario\n se ha registrado o posteriormente ha abierto su sesi\u00f3n, y se utilizan \npara identificarle en los servicios con los siguientes objetivos:<\/p>\n\n\n\n<p>Mantener al usuario identificado de forma que, si cierra \nun servicio, el navegador o el ordenador y en otro momento u otro d\u00eda \nvuelve a entrar en dicho servicio, seguir\u00e1 identificado, facilitando as\u00ed\n su navegaci\u00f3n sin tener que volver a identificarse. Esta funcionalidad \nse puede suprimir si el usuario pulsa la funcionalidad [cerrar sesi\u00f3n], \nde forma que esta cookie se elimina y la pr\u00f3xima vez que entre en el \nservicio el usuario tendr\u00e1 que iniciar sesi\u00f3n para estar identificado.<\/p>\n\n\n\n<p>Comprobar si el usuario est\u00e1 autorizado para acceder a ciertos servicios, por ejemplo, para participar en un concurso.<\/p>\n\n\n\n<p>Adicionalmente, algunos servicios pueden utilizar \nconectores con redes sociales tales como Facebook o Twitter. Cuando el \nusuario se registra en un servicio con credenciales de una red social, \nautoriza a la red social a guardar una Cookie persistente que recuerda \nsu identidad y le garantiza acceso a los servicios hasta que expira. El \nusuario puede borrar esta Cookie y revocar el acceso a los servicios \nmediante redes sociales actualizando sus preferencias en la red social \nque espec\u00edfica.<\/p>\n\n\n\n<h3 class=\"wp-block-heading\">Cookies de anal\u00edticas<\/h3>\n\n\n\n<p>Cada vez que un usuario visita un  servicio, una herramienta de un proveedor externo genera una cookie  anal\u00edtica en el ordenador del usuario. Esta cookie que s\u00f3lo se genera en  la visita, servir\u00e1 en pr\u00f3ximas visitas a los servicios de iSorteo para identificar de forma an\u00f3nima al visitante. Los  objetivos principales que se persiguen son:<\/p>\n\n\n\n<p>Permitir la identificaci\u00f3n an\u00f3nima de los usuarios  navegantes a trav\u00e9s de la cookie (identifica navegadores y dispositivos,  no personas) y por lo tanto la contabilizaci\u00f3n aproximada del n\u00famero de  visitantes y su tendencia en el tiempo.<\/p>\n\n\n\n<p> Identificar de forma an\u00f3nima los contenidos m\u00e1s visitados y  por lo tanto m\u00e1s atractivos para los usuarios Saber si el usuario que  est\u00e1 accediendo es nuevo o repite visita.<\/p>\n\n\n\n<p>Importante: Salvo que el usuario  decida registrarse en un servicio de iSorteo, la cookie nunca ir\u00e1 asociada a ning\u00fan dato de  car\u00e1cter personal que pueda identificarle. Dichas cookies s\u00f3lo ser\u00e1n  utilizadas con prop\u00f3sitos estad\u00edsticos que ayuden a la optimizaci\u00f3n de  la experiencia de los usuarios en el sitio.<\/p>\n\n\n\n<h3 class=\"wp-block-heading\">Cookies de publicidad<\/h3>\n\n\n\n<p>Este tipo de cookies permiten ampliar  la informaci\u00f3n de los anuncios mostrados a cada usuario an\u00f3nimo en los  servicios de iSorteo. Entre otros, se almacena la duraci\u00f3n o frecuencia de visualizaci\u00f3n de posiciones publicitarias, la interacci\u00f3n  con las mismas, o los patrones de navegaci\u00f3n y\/o comportamientos del  usuario ya que ayudan a conformar un perfil de inter\u00e9s publicitario. De  este modo, permiten ofrecer publicidad af\u00edn a los intereses del usuario.<\/p>\n\n\n\n<h3 class=\"wp-block-heading\">Cookies publicitarias de terceros<\/h3>\n\n\n\n<p>Adem\u00e1s de la publicidad gestionada por  las webs de iSorteo en sus servicios, las webs de iSorteo ofrecen a sus anunciantes la opci\u00f3n de servir anuncios a  trav\u00e9s de terceros (\u201cAd-Servers\u201d). De este modo, estos terceros pueden  almacenar cookies enviadas desde los servicios de iSorteo procedentes de los navegadores de los usuarios, as\u00ed como  acceder a los datos que en ellas se guardan.<\/p>\n\n\n\n<p>Las empresas que generan estas cookies tienen sus propias pol\u00edticas de privacidad. En la actualidad, las webs de iSorteo utilizan la plataforma Doubleclick (Google) para gestionar estos servicios. Para m\u00e1s informaci\u00f3n, acuda a <a href=\"https:\/\/policies.google.com\/privacy\" target=\"_blank\" rel=\"noreferrer noopener nofollow\">http:\/\/www.google.es\/policies\/privacy\/<\/a> y a <a href=\"https:\/\/policies.google.com\/terms?hl=es\" target=\"_blank\" rel=\"noreferrer noopener nofollow\">http:\/\/www.google.es\/policies\/privacy\/ads\/<\/a>.<\/p>\n\n\n\n<h3 class=\"wp-block-heading\">\u00bfC\u00f3mo puedo deshabilitar las cookies en mi navegador?<\/h3>\n\n\n\n<p>Se pueden configurar los diferentes navegadores para \navisar al usuario de la recepci\u00f3n de cookies y, si se desea, impedir su \ninstalaci\u00f3n en el equipo. Asimismo, el usuario puede revisar en su \nnavegador qu\u00e9 cookies tiene instaladas y cu\u00e1l es el plazo de caducidad \nde las mismas, pudiendo eliminarlas.<\/p>\n\n\n\n<p>Para ampliar esta informaci\u00f3n consulte las instrucciones y manuales de su navegador:<\/p>\n\n\n\n<p>Para m\u00e1s informaci\u00f3n sobre la administraci\u00f3n de las cookies en Google Chrome: <a href=\"https:\/\/support.google.com\/chrome\/answer\/95647?hl=es-419\" target=\"_blank\" rel=\"noreferrer noopener nofollow\">https:\/\/support.google.com\/chrome\/answer\/95647?hl=es<\/a><\/p>\n\n\n\n<p>Para m\u00e1s informaci\u00f3n sobre la administraci\u00f3n de las cookies en Internet Explorer: <a href=\"https:\/\/support.microsoft.com\/es-es\/microsoft-edge\/eliminar-las-cookies-en-microsoft-edge-63947406-40ac-c3b8-57b9-2a946a29ae09\" target=\"_blank\" rel=\"noreferrer noopener nofollow\">http:\/\/windows.microsoft.com\/es-es\/windows-vista\/cookies-frequently-asked-questions<\/a><\/p>\n\n\n\n<p>Para m\u00e1s informaci\u00f3n sobre la administraci\u00f3n de las cookies en Mozilla Firefox: <a href=\"https:\/\/support.mozilla.org\/es\/kb\/impedir-que-los-sitios-web-guarden-sus-preferencia\" target=\"_blank\" rel=\"noreferrer noopener nofollow\">http:\/\/support.mozilla.org\/es\/kb\/habilitar-y-deshabilitar-cookies-que-los-sitios-we<\/a><\/p>\n\n\n\n<p>Para m\u00e1s informaci\u00f3n sobre la administraci\u00f3n de las cookies en Safari: <a href=\"https:\/\/help.apple.com\/safari\/mac\/10.0\/es.lproj\/sfri11471.html\" target=\"_blank\" rel=\"noreferrer noopener nofollow\">http:\/\/www.apple.com\/es\/privacy\/use-of-cookies\/<\/a><\/p>\n\n\n\n<p>Para m\u00e1s informaci\u00f3n sobre la administraci\u00f3n de las cookies en Opera: <a href=\"https:\/\/blogs.opera.com\/news\/2015\/08\/how-to-manage-cookies-in-opera\/\" target=\"_blank\" rel=\"noreferrer noopener nofollow\">http:\/\/help.opera.com\/Windows\/11.50\/es-ES\/cookies.html<\/a><\/p>\n\n\n\n<p>Si desea dejar de ser seguido por Google Analytics visite: <a href=\"https:\/\/developers.google.com\/analytics\/devguides\/collection\/gajs\/cookie-usage?hl=es\" target=\"_blank\" rel=\"noreferrer noopener nofollow\">http:\/\/tools.google.com\/dlpage\/gaoptout<\/a>             <\/p>\n\n\n\n<h3 class=\"wp-block-heading\">Para saber m\u00e1s sobre las cookies<\/h3>\n\n\n\n<p>Puede obtener m\u00e1s informaci\u00f3n sobre la publicidad online  basada en el comportamiento y la privacidad online en el siguiente  enlace: <a href=\"http:\/\/www.youronlinechoices.com\/es\/\" target=\"_blank\" rel=\"noreferrer noopener nofollow\">http:\/\/www.youronlinechoices.com\/es\/<\/a><\/p>\n\n\n\n<p>Protecci\u00f3n de datos de Google Analytics: <a href=\"http:\/\/www.google.com\/analytics\/learn\/privacy.html\" target=\"_blank\" rel=\"noreferrer noopener nofollow\">http:\/\/www.google.com\/analytics\/learn\/privacy.html<\/a><\/p>\n\n\n\n<p>C\u00f3mo usa Google Analytics las cookies: <a href=\"https:\/\/developers.google.com\/analytics\/devguides\/collection\/analyticsjs\/cookie-usage?hl=es#analyticsjs\" target=\"_blank\" rel=\"noreferrer noopener nofollow\">https:\/\/developers.google.com\/analytics\/devguides\/collection\/analyticsjs\/cookie-usage?hl=es#analyticsjs<\/a><\/p>\n\n\n\n<h3 class=\"wp-block-heading\">Actualizaciones y cambios en la pol\u00edtica de privacidad\/cookies<\/h3>\n\n\n\n<p>Las webs de iSorteo pueden modificar esta Pol\u00edtica de Cookies en funci\u00f3n de  exigencias legislativas, reglamentarias, o con la finalidad de adaptar  dicha pol\u00edtica a las instrucciones dictadas por la Agencia Espa\u00f1ola de  Protecci\u00f3n de Datos, por ello se aconseja a los usuarios que la visiten  peri\u00f3dicamente.<\/p>\n\n\n\n<p>Cuando se produzcan cambios significativos en esta \nPol\u00edtica de Cookies, estos se comunicar\u00e1n a los usuarios bien mediante \nla web o a trav\u00e9s de correo electr\u00f3nico a los usuarios registrados.<\/p>\n","protected":false},"excerpt":{"rendered":"","protected":false},"author":1,"featured_media":0,"parent":0,"menu_order":0,"comment_status":"closed","ping_status":"closed","template":"","meta":{"inline_featured_image":false,"footnotes":""},"class_list":["post-35","page","type-page","status-publish"],"yoast_head":"<!-- This site is optimized with the Yoast SEO plugin v25.6 - https:\/\/yoast.com\/wordpress\/plugins\/seo\/ -->\n<title>Pol\u00edticas de Cookies - Promos Wow Ecuador<\/title>\n<meta name=\"robots\" content=\"noindex, nofollow\" \/>\n<meta property=\"og:locale\" content=\"es_ES\" \/>\n<meta property=\"og:type\" content=\"article\" \/>\n<meta property=\"og:title\" content=\"Pol\u00edticas de Cookies - Promos Wow Ecuador\" \/>\n<meta property=\"og:url\" content=\"https:\/\/promoswow.com\/ec\/politica-de-cookies\/\" \/>\n<meta property=\"og:site_name\" content=\"Promos Wow Ecuador\" \/>\n<meta name=\"twitter:card\" content=\"summary_large_image\" \/>\n<meta name=\"twitter:label1\" content=\"Tiempo de lectura\" \/>\n\t<meta name=\"twitter:data1\" content=\"7 minutos\" \/>\n<script type=\"application\/ld+json\" class=\"yoast-schema-graph\">{\"@context\":\"https:\/\/schema.org\",\"@graph\":[{\"@type\":\"WebPage\",\"@id\":\"https:\/\/promoswow.com\/ec\/politica-de-cookies\/\",\"url\":\"https:\/\/promoswow.com\/ec\/politica-de-cookies\/\",\"name\":\"Pol\u00edticas de Cookies - Promos Wow Ecuador\",\"isPartOf\":{\"@id\":\"https:\/\/promoswow.com\/ec\/#website\"},\"datePublished\":\"2024-04-03T21:55:15+00:00\",\"breadcrumb\":{\"@id\":\"https:\/\/promoswow.com\/ec\/politica-de-cookies\/#breadcrumb\"},\"inLanguage\":\"es\",\"potentialAction\":[{\"@type\":\"ReadAction\",\"target\":[\"https:\/\/promoswow.com\/ec\/politica-de-cookies\/\"]}]},{\"@type\":\"BreadcrumbList\",\"@id\":\"https:\/\/promoswow.com\/ec\/politica-de-cookies\/#breadcrumb\",\"itemListElement\":[{\"@type\":\"ListItem\",\"position\":1,\"name\":\"Portada\",\"item\":\"https:\/\/promoswow.com\/ec\/\"},{\"@type\":\"ListItem\",\"position\":2,\"name\":\"Pol\u00edticas de Cookies\"}]},{\"@type\":\"WebSite\",\"@id\":\"https:\/\/promoswow.com\/ec\/#website\",\"url\":\"https:\/\/promoswow.com\/ec\/\",\"name\":\"Promos Wow Ecuador\",\"description\":\"\u00a1Encuentra las promociones m\u00e1s wow!\",\"publisher\":{\"@id\":\"https:\/\/promoswow.com\/ec\/#organization\"},\"potentialAction\":[{\"@type\":\"SearchAction\",\"target\":{\"@type\":\"EntryPoint\",\"urlTemplate\":\"https:\/\/promoswow.com\/ec\/?s={search_term_string}\"},\"query-input\":{\"@type\":\"PropertyValueSpecification\",\"valueRequired\":true,\"valueName\":\"search_term_string\"}}],\"inLanguage\":\"es\"},{\"@type\":\"Organization\",\"@id\":\"https:\/\/promoswow.com\/ec\/#organization\",\"name\":\"Promos Wow Ecuador\",\"url\":\"https:\/\/promoswow.com\/ec\/\",\"logo\":{\"@type\":\"ImageObject\",\"inLanguage\":\"es\",\"@id\":\"https:\/\/promoswow.com\/ec\/#\/schema\/logo\/image\/\",\"url\":\"https:\/\/promoswow.com\/ec\/wp-content\/uploads\/sites\/3\/2024\/09\/promoswow-ec.svg\",\"contentUrl\":\"https:\/\/promoswow.com\/ec\/wp-content\/uploads\/sites\/3\/2024\/09\/promoswow-ec.svg\",\"width\":350,\"height\":70,\"caption\":\"Promos Wow Ecuador\"},\"image\":{\"@id\":\"https:\/\/promoswow.com\/ec\/#\/schema\/logo\/image\/\"}}]}<\/script>\n<!-- \/ Yoast SEO plugin. -->","yoast_head_json":{"title":"Pol\u00edticas de Cookies - Promos Wow Ecuador","robots":{"index":"noindex","follow":"nofollow"},"og_locale":"es_ES","og_type":"article","og_title":"Pol\u00edticas de Cookies - Promos Wow Ecuador","og_url":"https:\/\/promoswow.com\/ec\/politica-de-cookies\/","og_site_name":"Promos Wow Ecuador","twitter_card":"summary_large_image","twitter_misc":{"Tiempo de lectura":"7 minutos"},"schema":{"@context":"https:\/\/schema.org","@graph":[{"@type":"WebPage","@id":"https:\/\/promoswow.com\/ec\/politica-de-cookies\/","url":"https:\/\/promoswow.com\/ec\/politica-de-cookies\/","name":"Pol\u00edticas de Cookies - Promos Wow Ecuador","isPartOf":{"@id":"https:\/\/promoswow.com\/ec\/#website"},"datePublished":"2024-04-03T21:55:15+00:00","breadcrumb":{"@id":"https:\/\/promoswow.com\/ec\/politica-de-cookies\/#breadcrumb"},"inLanguage":"es","potentialAction":[{"@type":"ReadAction","target":["https:\/\/promoswow.com\/ec\/politica-de-cookies\/"]}]},{"@type":"BreadcrumbList","@id":"https:\/\/promoswow.com\/ec\/politica-de-cookies\/#breadcrumb","itemListElement":[{"@type":"ListItem","position":1,"name":"Portada","item":"https:\/\/promoswow.com\/ec\/"},{"@type":"ListItem","position":2,"name":"Pol\u00edticas de Cookies"}]},{"@type":"WebSite","@id":"https:\/\/promoswow.com\/ec\/#website","url":"https:\/\/promoswow.com\/ec\/","name":"Promos Wow Ecuador","description":"\u00a1Encuentra las promociones m\u00e1s wow!","publisher":{"@id":"https:\/\/promoswow.com\/ec\/#organization"},"potentialAction":[{"@type":"SearchAction","target":{"@type":"EntryPoint","urlTemplate":"https:\/\/promoswow.com\/ec\/?s={search_term_string}"},"query-input":{"@type":"PropertyValueSpecification","valueRequired":true,"valueName":"search_term_string"}}],"inLanguage":"es"},{"@type":"Organization","@id":"https:\/\/promoswow.com\/ec\/#organization","name":"Promos Wow Ecuador","url":"https:\/\/promoswow.com\/ec\/","logo":{"@type":"ImageObject","inLanguage":"es","@id":"https:\/\/promoswow.com\/ec\/#\/schema\/logo\/image\/","url":"https:\/\/promoswow.com\/ec\/wp-content\/uploads\/sites\/3\/2024\/09\/promoswow-ec.svg","contentUrl":"https:\/\/promoswow.com\/ec\/wp-content\/uploads\/sites\/3\/2024\/09\/promoswow-ec.svg","width":350,"height":70,"caption":"Promos Wow Ecuador"},"image":{"@id":"https:\/\/promoswow.com\/ec\/#\/schema\/logo\/image\/"}}]}},"_links":{"self":[{"href":"https:\/\/promoswow.com\/ec\/wp-json\/wp\/v2\/pages\/35"}],"collection":[{"href":"https:\/\/promoswow.com\/ec\/wp-json\/wp\/v2\/pages"}],"about":[{"href":"https:\/\/promoswow.com\/ec\/wp-json\/wp\/v2\/types\/page"}],"author":[{"embeddable":true,"href":"https:\/\/promoswow.com\/ec\/wp-json\/wp\/v2\/users\/1"}],"replies":[{"embeddable":true,"href":"https:\/\/promoswow.com\/ec\/wp-json\/wp\/v2\/comments?post=35"}],"version-history":[{"count":1,"href":"https:\/\/promoswow.com\/ec\/wp-json\/wp\/v2\/pages\/35\/revisions"}],"predecessor-version":[{"id":36,"href":"https:\/\/promoswow.com\/ec\/wp-json\/wp\/v2\/pages\/35\/revisions\/36"}],"wp:attachment":[{"href":"https:\/\/promoswow.com\/ec\/wp-json\/wp\/v2\/media?parent=35"}],"curies":[{"name":"wp","href":"https:\/\/api.w.org\/{rel}","templated":true}]}}